{"id":1527,"date":"2025-09-09T10:43:30","date_gmt":"2025-09-09T16:43:30","guid":{"rendered":"https:\/\/metalduct.koodeserver.com\/?page_id=1527"},"modified":"2025-09-11T00:34:06","modified_gmt":"2025-09-11T06:34:06","slug":"privacy-notice","status":"publish","type":"page","link":"https:\/\/www.metalduct.com.mx\/en\/privacy-notice\/","title":{"rendered":"Privacy Notice"},"content":{"rendered":"<div data-elementor-type=\"wp-page\" data-elementor-id=\"1527\" class=\"elementor elementor-1527\" data-elementor-post-type=\"page\">\n\t\t\t\t<div class=\"elementor-element elementor-element-0888789 e-flex e-con-boxed e-con e-parent\" data-id=\"0888789\" data-element_type=\"container\">\n\t\t\t\t\t<div class=\"e-con-inner\">\n\t\t\t\t<div class=\"elementor-element elementor-element-d6f67fc elementor-widget elementor-widget-heading\" data-id=\"d6f67fc\" data-element_type=\"widget\" data-widget_type=\"heading.default\">\n\t\t\t\t<div class=\"elementor-widget-container\">\n\t\t\t\t\t<h2 class=\"elementor-heading-title elementor-size-default\">Privacy Notice<\/h2>\t\t\t\t<\/div>\n\t\t\t\t<\/div>\n\t\t\t\t<div class=\"elementor-element elementor-element-78bca99 elementor-widget elementor-widget-text-editor\" data-id=\"78bca99\" data-element_type=\"widget\" data-widget_type=\"text-editor.default\">\n\t\t\t\t<div class=\"elementor-widget-container\">\n\t\t\t\t\t\t\t\t\t<p data-start=\"182\" data-end=\"560\"><strong data-start=\"182\" data-end=\"205\">DUCT FORM OF MEXICO<\/strong>, with address at <strong data-start=\"224\" data-end=\"307\">Crescencio Gar\u00edn #5139, Los Cerritos, CP 45180, Zapopan, Jalisco, Mexico<\/strong>, is responsible for the processing of the personal data that you provide us, which will be protected in accordance with the provisions of the <strong data-start=\"445\" data-end=\"526\">Federal Law on the Protection of Personal Data Held by Private Parties<\/strong> and other applicable regulations.<\/p><h4 data-start=\"562\" data-end=\"599\">Personal data we collect<\/h4><p data-start=\"600\" data-end=\"749\">We directly collect the following personal data: <strong data-start=\"661\" data-end=\"746\">Name, email, phone number, state of the Republic and service you want<\/strong>.<\/p><h4 data-start=\"751\" data-end=\"783\">Purpose of the treatment<\/h4><p data-start=\"784\" data-end=\"865\">The personal data collected will be used for the following purposes:<\/p><ul data-start=\"866\" data-end=\"1033\"><li data-start=\"866\" data-end=\"902\"><p data-start=\"868\" data-end=\"902\">Send requested quotes.<\/p><\/li><li data-start=\"903\" data-end=\"947\"><p data-start=\"905\" data-end=\"947\">Follow up with clients and prospects.<\/p><\/li><li data-start=\"948\" data-end=\"1033\"><p data-start=\"950\" data-end=\"1033\">Carry out marketing, advertising and promotion actions for our services.<\/p><\/li><\/ul><h4 data-start=\"1035\" data-end=\"1064\">Data transfer<\/h4><p data-start=\"1065\" data-end=\"1172\">We inform you that <strong data-start=\"1083\" data-end=\"1135\">We do not share your personal data with third parties<\/strong>, except for applicable legal obligations.<\/p><h4 data-start=\"1174\" data-end=\"1194\">ARCO Rights<\/h4><p data-start=\"1195\" data-end=\"1473\">You have the right to <strong data-start=\"1217\" data-end=\"1268\">access, rectify, cancel or oppose (ARCO)<\/strong> to the processing of your personal data. To exercise these rights, you may send your request to the email address <strong data-start=\"1394\" data-end=\"1421\"><a class=\"decorated-link cursor-pointer\" rel=\"noopener\" data-start=\"1396\" data-end=\"1419\">ventas@metalduct.com.mx<\/a><\/strong> or call the phone <strong data-start=\"1448\" data-end=\"1470\">+52 1 33 1416 9090<\/strong>.<\/p><h4 data-start=\"1475\" data-end=\"1514\">Cookies and tracking technologies<\/h4><p data-start=\"1515\" data-end=\"1638\">Our website <strong data-start=\"1533\" data-end=\"1580\">does not use cookies or similar technologies<\/strong> to automatically collect personal information.<\/p><h4 data-start=\"1640\" data-end=\"1667\">Competent authority<\/h4><p data-start=\"1668\" data-end=\"1925\">If you consider that your right to the protection of personal data has been violated, you can go to the <strong data-start=\"1772\" data-end=\"1876\">National Institute for Transparency, Access to Information and Protection of Personal Data (INAI)<\/strong> in <a class=\"decorated-link cursor-pointer\" target=\"_new\" rel=\"noopener\" data-start=\"1880\" data-end=\"1922\">www.inai.org.mx<\/a>.<\/p><h4 data-start=\"1927\" data-end=\"1972\">Updates to the privacy notice<\/h4><p data-start=\"1973\" data-end=\"2131\">We reserve the right to make changes or updates to this Privacy Notice, which will be posted on our website.<\/p><p data-start=\"2133\" data-end=\"2165\"><strong data-start=\"2133\" data-end=\"2163\">Last updated: 2025<\/strong><\/p>\t\t\t\t\t\t\t\t<\/div>\n\t\t\t\t<\/div>\n\t\t\t\t\t<\/div>\n\t\t\t\t<\/div>\n\t\t\t\t<\/div>","protected":false},"excerpt":{"rendered":"<p>Privacy Notice DUCT FORM DE M\u00c9XICO, with registered address at Crescencio Gar\u00edn #5139, Los Cerritos, CP 45180, Zapopan, Jalisco, Mexico, is responsible for the processing of the personal data you provide us, which will be protected in accordance with the Federal Law on the Protection of Personal Data Held by Private Parties and [\u2026]<\/p>","protected":false},"author":2,"featured_media":0,"parent":0,"menu_order":0,"comment_status":"closed","ping_status":"closed","template":"","meta":{"_acf_changed":false,"_monsterinsights_skip_tracking":false,"_monsterinsights_sitenote_active":false,"_monsterinsights_sitenote_note":"","_monsterinsights_sitenote_category":0,"footnotes":""},"class_list":["post-1527","page","type-page","status-publish","hentry"],"acf":[],"yoast_head":"<!-- This site is optimized with the Yoast SEO plugin v25.9 - https:\/\/yoast.com\/wordpress\/plugins\/seo\/ -->\n<title>Aviso de Privacidad - METAL DUCT<\/title>\n<meta name=\"robots\" content=\"noindex, nofollow\" \/>\n<meta property=\"og:locale\" content=\"en_US\" \/>\n<meta property=\"og:type\" content=\"article\" \/>\n<meta property=\"og:title\" content=\"Aviso de Privacidad - METAL DUCT\" \/>\n<meta property=\"og:description\" content=\"Aviso de Privacidad DUCT FORM DE M\u00c9XICO, con domicilio en Crescencio Gar\u00edn #5139, Col. Los Cerritos, C.P. 45180, Zapopan, Jalisco, M\u00e9xico, es responsable del tratamiento de los datos personales que nos proporciones, los cuales ser\u00e1n protegidos conforme a lo dispuesto por la Ley Federal de Protecci\u00f3n de Datos Personales en Posesi\u00f3n de los Particulares y [&hellip;]\" \/>\n<meta property=\"og:url\" content=\"https:\/\/www.metalduct.com.mx\/en\/privacy-notice\/\" \/>\n<meta property=\"og:site_name\" content=\"METAL DUCT\" \/>\n<meta property=\"article:publisher\" content=\"https:\/\/www.facebook.com\/p\/Metal-Duct-61552189655564\/\" \/>\n<meta property=\"article:modified_time\" content=\"2025-09-11T06:34:06+00:00\" \/>\n<meta name=\"twitter:card\" content=\"summary_large_image\" \/>\n<meta name=\"twitter:label1\" content=\"Est. reading time\" \/>\n\t<meta name=\"twitter:data1\" content=\"2 minutes\" \/>\n<script type=\"application\/ld+json\" class=\"yoast-schema-graph\">{\"@context\":\"https:\/\/schema.org\",\"@graph\":[{\"@type\":\"WebPage\",\"@id\":\"https:\/\/www.metalduct.com.mx\/aviso-de-privacidad\/\",\"url\":\"https:\/\/www.metalduct.com.mx\/aviso-de-privacidad\/\",\"name\":\"Aviso de Privacidad - METAL DUCT\",\"isPartOf\":{\"@id\":\"https:\/\/www.metalduct.com.mx\/#website\"},\"datePublished\":\"2025-09-09T16:43:30+00:00\",\"dateModified\":\"2025-09-11T06:34:06+00:00\",\"breadcrumb\":{\"@id\":\"https:\/\/www.metalduct.com.mx\/aviso-de-privacidad\/#breadcrumb\"},\"inLanguage\":\"en-US\",\"potentialAction\":[{\"@type\":\"ReadAction\",\"target\":[\"https:\/\/www.metalduct.com.mx\/aviso-de-privacidad\/\"]}]},{\"@type\":\"BreadcrumbList\",\"@id\":\"https:\/\/www.metalduct.com.mx\/aviso-de-privacidad\/#breadcrumb\",\"itemListElement\":[{\"@type\":\"ListItem\",\"position\":1,\"name\":\"Inicio\",\"item\":\"https:\/\/www.metalduct.com.mx\/\"},{\"@type\":\"ListItem\",\"position\":2,\"name\":\"Aviso de Privacidad\"}]},{\"@type\":\"WebSite\",\"@id\":\"https:\/\/www.metalduct.com.mx\/#website\",\"url\":\"https:\/\/www.metalduct.com.mx\/\",\"name\":\"METAL DUCT\",\"description\":\"\",\"publisher\":{\"@id\":\"https:\/\/www.metalduct.com.mx\/#organization\"},\"potentialAction\":[{\"@type\":\"SearchAction\",\"target\":{\"@type\":\"EntryPoint\",\"urlTemplate\":\"https:\/\/www.metalduct.com.mx\/?s={search_term_string}\"},\"query-input\":{\"@type\":\"PropertyValueSpecification\",\"valueRequired\":true,\"valueName\":\"search_term_string\"}}],\"inLanguage\":\"en-US\"},{\"@type\":\"Organization\",\"@id\":\"https:\/\/www.metalduct.com.mx\/#organization\",\"name\":\"METAL DUCT\",\"url\":\"https:\/\/www.metalduct.com.mx\/\",\"logo\":{\"@type\":\"ImageObject\",\"inLanguage\":\"en-US\",\"@id\":\"https:\/\/www.metalduct.com.mx\/#\/schema\/logo\/image\/\",\"url\":\"https:\/\/www.metalduct.com.mx\/wp-content\/uploads\/2025\/06\/logo-metalduct.svg\",\"contentUrl\":\"https:\/\/www.metalduct.com.mx\/wp-content\/uploads\/2025\/06\/logo-metalduct.svg\",\"width\":532,\"height\":74,\"caption\":\"METAL DUCT\"},\"image\":{\"@id\":\"https:\/\/www.metalduct.com.mx\/#\/schema\/logo\/image\/\"},\"sameAs\":[\"https:\/\/www.facebook.com\/p\/Metal-Duct-61552189655564\/\",\"https:\/\/www.instagram.com\/metalduct\/?hl=en\",\"https:\/\/www.linkedin.com\/company\/metal-duct\",\"https:\/\/www.tiktok.com\/@metalductmx\"]}]}<\/script>\n<!-- \/ Yoast SEO plugin. -->","yoast_head_json":{"title":"Privacy Notice - METAL DUCT","robots":{"index":"noindex","follow":"nofollow"},"og_locale":"en_US","og_type":"article","og_title":"Aviso de Privacidad - METAL DUCT","og_description":"Aviso de Privacidad DUCT FORM DE M\u00c9XICO, con domicilio en Crescencio Gar\u00edn #5139, Col. Los Cerritos, C.P. 45180, Zapopan, Jalisco, M\u00e9xico, es responsable del tratamiento de los datos personales que nos proporciones, los cuales ser\u00e1n protegidos conforme a lo dispuesto por la Ley Federal de Protecci\u00f3n de Datos Personales en Posesi\u00f3n de los Particulares y [&hellip;]","og_url":"https:\/\/www.metalduct.com.mx\/en\/privacy-notice\/","og_site_name":"METAL DUCT","article_publisher":"https:\/\/www.facebook.com\/p\/Metal-Duct-61552189655564\/","article_modified_time":"2025-09-11T06:34:06+00:00","twitter_card":"summary_large_image","twitter_misc":{"Est. reading time":"2 minutes"},"schema":{"@context":"https:\/\/schema.org","@graph":[{"@type":"WebPage","@id":"https:\/\/www.metalduct.com.mx\/aviso-de-privacidad\/","url":"https:\/\/www.metalduct.com.mx\/aviso-de-privacidad\/","name":"Privacy Notice - METAL DUCT","isPartOf":{"@id":"https:\/\/www.metalduct.com.mx\/#website"},"datePublished":"2025-09-09T16:43:30+00:00","dateModified":"2025-09-11T06:34:06+00:00","breadcrumb":{"@id":"https:\/\/www.metalduct.com.mx\/aviso-de-privacidad\/#breadcrumb"},"inLanguage":"en-US","potentialAction":[{"@type":"ReadAction","target":["https:\/\/www.metalduct.com.mx\/aviso-de-privacidad\/"]}]},{"@type":"BreadcrumbList","@id":"https:\/\/www.metalduct.com.mx\/aviso-de-privacidad\/#breadcrumb","itemListElement":[{"@type":"ListItem","position":1,"name":"Inicio","item":"https:\/\/www.metalduct.com.mx\/"},{"@type":"ListItem","position":2,"name":"Aviso de Privacidad"}]},{"@type":"WebSite","@id":"https:\/\/www.metalduct.com.mx\/#website","url":"https:\/\/www.metalduct.com.mx\/","name":"METAL DUCT","description":"","publisher":{"@id":"https:\/\/www.metalduct.com.mx\/#organization"},"potentialAction":[{"@type":"SearchAction","target":{"@type":"EntryPoint","urlTemplate":"https:\/\/www.metalduct.com.mx\/?s={search_term_string}"},"query-input":{"@type":"PropertyValueSpecification","valueRequired":true,"valueName":"search_term_string"}}],"inLanguage":"en-US"},{"@type":"Organization","@id":"https:\/\/www.metalduct.com.mx\/#organization","name":"METAL DUCT","url":"https:\/\/www.metalduct.com.mx\/","logo":{"@type":"ImageObject","inLanguage":"en-US","@id":"https:\/\/www.metalduct.com.mx\/#\/schema\/logo\/image\/","url":"https:\/\/www.metalduct.com.mx\/wp-content\/uploads\/2025\/06\/logo-metalduct.svg","contentUrl":"https:\/\/www.metalduct.com.mx\/wp-content\/uploads\/2025\/06\/logo-metalduct.svg","width":532,"height":74,"caption":"METAL DUCT"},"image":{"@id":"https:\/\/www.metalduct.com.mx\/#\/schema\/logo\/image\/"},"sameAs":["https:\/\/www.facebook.com\/p\/Metal-Duct-61552189655564\/","https:\/\/www.instagram.com\/metalduct\/?hl=en","https:\/\/www.linkedin.com\/company\/metal-duct","https:\/\/www.tiktok.com\/@metalductmx"]}]}},"_links":{"self":[{"href":"https:\/\/www.metalduct.com.mx\/en\/wp-json\/wp\/v2\/pages\/1527","targetHints":{"allow":["GET"]}}],"collection":[{"href":"https:\/\/www.metalduct.com.mx\/en\/wp-json\/wp\/v2\/pages"}],"about":[{"href":"https:\/\/www.metalduct.com.mx\/en\/wp-json\/wp\/v2\/types\/page"}],"author":[{"embeddable":true,"href":"https:\/\/www.metalduct.com.mx\/en\/wp-json\/wp\/v2\/users\/2"}],"replies":[{"embeddable":true,"href":"https:\/\/www.metalduct.com.mx\/en\/wp-json\/wp\/v2\/comments?post=1527"}],"version-history":[{"count":15,"href":"https:\/\/www.metalduct.com.mx\/en\/wp-json\/wp\/v2\/pages\/1527\/revisions"}],"predecessor-version":[{"id":1696,"href":"https:\/\/www.metalduct.com.mx\/en\/wp-json\/wp\/v2\/pages\/1527\/revisions\/1696"}],"wp:attachment":[{"href":"https:\/\/www.metalduct.com.mx\/en\/wp-json\/wp\/v2\/media?parent=1527"}],"curies":[{"name":"wp","href":"https:\/\/api.w.org\/{rel}","templated":true}]}}