{"id":1527,"date":"2025-09-09T10:43:30","date_gmt":"2025-09-09T16:43:30","guid":{"rendered":"https:\/\/metalduct.koodeserver.com\/?page_id=1527"},"modified":"2025-09-11T00:34:06","modified_gmt":"2025-09-11T06:34:06","slug":"%e9%9a%90%e7%a7%81%e5%a3%b0%e6%98%8e","status":"publish","type":"page","link":"https:\/\/www.metalduct.com.mx\/zh\/%e9%9a%90%e7%a7%81%e5%a3%b0%e6%98%8e\/","title":{"rendered":"\u9690\u79c1\u58f0\u660e"},"content":{"rendered":"<div data-elementor-type=\"wp-page\" data-elementor-id=\"1527\" class=\"elementor elementor-1527\" data-elementor-post-type=\"page\">\n\t\t\t\t<div class=\"elementor-element elementor-element-0888789 e-flex e-con-boxed e-con e-parent\" data-id=\"0888789\" data-element_type=\"container\">\n\t\t\t\t\t<div class=\"e-con-inner\">\n\t\t\t\t<div class=\"elementor-element elementor-element-d6f67fc elementor-widget elementor-widget-heading\" data-id=\"d6f67fc\" data-element_type=\"widget\" data-widget_type=\"heading.default\">\n\t\t\t\t<div class=\"elementor-widget-container\">\n\t\t\t\t\t<h2 class=\"elementor-heading-title elementor-size-default\">\u9690\u79c1\u58f0\u660e<\/h2>\t\t\t\t<\/div>\n\t\t\t\t<\/div>\n\t\t\t\t<div class=\"elementor-element elementor-element-78bca99 elementor-widget elementor-widget-text-editor\" data-id=\"78bca99\" data-element_type=\"widget\" data-widget_type=\"text-editor.default\">\n\t\t\t\t<div class=\"elementor-widget-container\">\n\t\t\t\t\t\t\t\t\t<p data-start=\"182\" data-end=\"560\"><strong data-start=\"182\" data-end=\"205\">\u58a8\u897f\u54e5\u7ba1\u9053\u5f62\u5f0f<\/strong>\uff0c\u5730\u5740\u4e3a <strong data-start=\"224\" data-end=\"307\">Crescencio Gar\u00edn #5139, Los Cerritos, CP 45180, \u8428\u6ce2\u6f58, \u54c8\u5229\u65af\u79d1\u5dde, \u58a8\u897f\u54e5<\/strong>\uff0c\u8d1f\u8d23\u5904\u7406\u60a8\u5411\u6211\u4eec\u63d0\u4f9b\u7684\u4e2a\u4eba\u6570\u636e\uff0c\u8fd9\u4e9b\u6570\u636e\u5c06\u6839\u636e <strong data-start=\"445\" data-end=\"526\">\u300a\u79c1\u4eba\u6301\u6709\u7684\u4e2a\u4eba\u6570\u636e\u4fdd\u62a4\u8054\u90a6\u6cd5\u300b<\/strong> \u4ee5\u53ca\u5176\u4ed6\u9002\u7528\u6cd5\u89c4\u3002<\/p><h4 data-start=\"562\" data-end=\"599\">\u6211\u4eec\u6536\u96c6\u7684\u4e2a\u4eba\u4fe1\u606f<\/h4><p data-start=\"600\" data-end=\"749\">\u6211\u4eec\u76f4\u63a5\u6536\u96c6\u4ee5\u4e0b\u4e2a\u4eba\u6570\u636e\uff1a <strong data-start=\"661\" data-end=\"746\">\u59d3\u540d\u3001\u7535\u5b50\u90ae\u4ef6\u3001\u7535\u8bdd\u53f7\u7801\u3001\u5171\u548c\u56fd\u6240\u5728\u5dde\u4ee5\u53ca\u60a8\u60f3\u8981\u7684\u670d\u52a1<\/strong>.<\/p><h4 data-start=\"751\" data-end=\"783\">\u6cbb\u7597\u76ee\u7684<\/h4><p data-start=\"784\" data-end=\"865\">\u6240\u6536\u96c6\u7684\u4e2a\u4eba\u8d44\u6599\u5c06\u7528\u4e8e\u4ee5\u4e0b\u76ee\u7684\uff1a<\/p><ul data-start=\"866\" data-end=\"1033\"><li data-start=\"866\" data-end=\"902\"><p data-start=\"868\" data-end=\"902\">\u53d1\u9001\u6240\u9700\u62a5\u4ef7\u3002<\/p><\/li><li data-start=\"903\" data-end=\"947\"><p data-start=\"905\" data-end=\"947\">\u8ddf\u8fdb\u5ba2\u6237\u548c\u6f5c\u5728\u5ba2\u6237\u3002<\/p><\/li><li data-start=\"948\" data-end=\"1033\"><p data-start=\"950\" data-end=\"1033\">\u4e3a\u6211\u4eec\u7684\u670d\u52a1\u5f00\u5c55\u8425\u9500\u3001\u5e7f\u544a\u548c\u4fc3\u9500\u6d3b\u52a8\u3002<\/p><\/li><\/ul><h4 data-start=\"1035\" data-end=\"1064\">\u6570\u636e\u4f20\u8f93<\/h4><p data-start=\"1065\" data-end=\"1172\">\u6211\u4eec\u901a\u77e5\u60a8 <strong data-start=\"1083\" data-end=\"1135\">\u6211\u4eec\u4e0d\u4f1a\u4e0e\u7b2c\u4e09\u65b9\u5171\u4eab\u60a8\u7684\u4e2a\u4eba\u6570\u636e<\/strong>\uff0c\u9002\u7528\u7684\u6cd5\u5f8b\u4e49\u52a1\u9664\u5916\u3002<\/p><h4 data-start=\"1174\" data-end=\"1194\">ARCO\u6743\u5229<\/h4><p data-start=\"1195\" data-end=\"1473\">\u4f60\u6709\u6743 <strong data-start=\"1217\" data-end=\"1268\">\u8bbf\u95ee\u3001\u7ea0\u6b63\u3001\u53d6\u6d88\u6216\u53cd\u5bf9\uff08ARCO\uff09<\/strong> \u5904\u7406\u60a8\u7684\u4e2a\u4eba\u6570\u636e\u3002\u5982\u9700\u884c\u4f7f\u8fd9\u4e9b\u6743\u5229\uff0c\u60a8\u53ef\u4ee5\u5c06\u8bf7\u6c42\u53d1\u9001\u81f3\u7535\u5b50\u90ae\u4ef6\u5730\u5740 <strong data-start=\"1394\" data-end=\"1421\"><a class=\"decorated-link cursor-pointer\" rel=\"noopener\" data-start=\"1396\" data-end=\"1419\">ventas@metalduct.com.mx<\/a><\/strong> \u6216\u62e8\u6253\u7535\u8bdd <strong data-start=\"1448\" data-end=\"1470\">+52 1 33 1416 9090<\/strong>.<\/p><h4 data-start=\"1475\" data-end=\"1514\">Cookie \u548c\u8ffd\u8e2a\u6280\u672f<\/h4><p data-start=\"1515\" data-end=\"1638\">\u6211\u4eec\u7684\u7f51\u7ad9 <strong data-start=\"1533\" data-end=\"1580\">\u4e0d\u4f7f\u7528 cookies \u6216\u7c7b\u4f3c\u6280\u672f<\/strong> \u81ea\u52a8\u6536\u96c6\u4e2a\u4eba\u4fe1\u606f\u3002<\/p><h4 data-start=\"1640\" data-end=\"1667\">\u4e3b\u7ba1\u90e8\u95e8<\/h4><p data-start=\"1668\" data-end=\"1925\">\u5982\u679c\u60a8\u8ba4\u4e3a\u60a8\u7684\u4e2a\u4eba\u6570\u636e\u4fdd\u62a4\u6743\u5229\u53d7\u5230\u4fb5\u72af\uff0c\u60a8\u53ef\u4ee5\u524d\u5f80 <strong data-start=\"1772\" data-end=\"1876\">\u56fd\u5bb6\u900f\u660e\u5ea6\u3001\u4fe1\u606f\u83b7\u53d6\u548c\u4e2a\u4eba\u6570\u636e\u4fdd\u62a4\u7814\u7a76\u6240\uff08INAI\uff09<\/strong> \u5728 <a class=\"decorated-link cursor-pointer\" target=\"_new\" rel=\"noopener\" data-start=\"1880\" data-end=\"1922\">www.inai.org.mx<\/a>.<\/p><h4 data-start=\"1927\" data-end=\"1972\">\u9690\u79c1\u58f0\u660e\u7684\u66f4\u65b0<\/h4><p data-start=\"1973\" data-end=\"2131\">\u6211\u4eec\u4fdd\u7559\u5bf9\u672c\u9690\u79c1\u58f0\u660e\u8fdb\u884c\u66f4\u6539\u6216\u66f4\u65b0\u7684\u6743\u5229\uff0c\u5e76\u5c06\u5728\u6211\u4eec\u7684\u7f51\u7ad9\u4e0a\u53d1\u5e03\u3002<\/p><p data-start=\"2133\" data-end=\"2165\"><strong data-start=\"2133\" data-end=\"2163\">\u6700\u540e\u66f4\u65b0\uff1a2025\u5e74<\/strong><\/p>\t\t\t\t\t\t\t\t<\/div>\n\t\t\t\t<\/div>\n\t\t\t\t\t<\/div>\n\t\t\t\t<\/div>\n\t\t\t\t<\/div>","protected":false},"excerpt":{"rendered":"<p>\u9690\u79c1\u58f0\u660e DUCT FORM DE M\u00c9XICO\uff0c\u6ce8\u518c\u5730\u5740\u4e3a Crescencio Gar\u00edn #5139, Los Cerritos, CP 45180, Zapopan, Jalisco, Mexico\uff0c\u8d1f\u8d23\u5904\u7406\u60a8\u63d0\u4f9b\u7ed9\u6211\u4eec\u7684\u4e2a\u4eba\u6570\u636e\uff0c\u8fd9\u4e9b\u6570\u636e\u5c06\u6839\u636e\u300a\u79c1\u4eba\u6301\u6709\u7684\u4e2a\u4eba\u6570\u636e\u4fdd\u62a4\u8054\u90a6\u6cd5\u300b\u53d7\u5230\u4fdd\u62a4\uff0c\u5e76\u4e14 [\u2026]<\/p>","protected":false},"author":2,"featured_media":0,"parent":0,"menu_order":0,"comment_status":"closed","ping_status":"closed","template":"","meta":{"_acf_changed":false,"_monsterinsights_skip_tracking":false,"_monsterinsights_sitenote_active":false,"_monsterinsights_sitenote_note":"","_monsterinsights_sitenote_category":0,"footnotes":""},"class_list":["post-1527","page","type-page","status-publish","hentry"],"acf":[],"yoast_head":"<!-- This site is optimized with the Yoast SEO plugin v25.9 - https:\/\/yoast.com\/wordpress\/plugins\/seo\/ -->\n<title>Aviso de Privacidad - METAL DUCT<\/title>\n<meta name=\"robots\" content=\"noindex, nofollow\" \/>\n<meta property=\"og:locale\" content=\"zh_CN\" \/>\n<meta property=\"og:type\" content=\"article\" \/>\n<meta property=\"og:title\" content=\"Aviso de Privacidad - METAL DUCT\" \/>\n<meta property=\"og:description\" content=\"Aviso de Privacidad DUCT FORM DE M\u00c9XICO, con domicilio en Crescencio Gar\u00edn #5139, Col. Los Cerritos, C.P. 45180, Zapopan, Jalisco, M\u00e9xico, es responsable del tratamiento de los datos personales que nos proporciones, los cuales ser\u00e1n protegidos conforme a lo dispuesto por la Ley Federal de Protecci\u00f3n de Datos Personales en Posesi\u00f3n de los Particulares y [&hellip;]\" \/>\n<meta property=\"og:url\" content=\"https:\/\/www.metalduct.com.mx\/zh\/\u9690\u79c1\u58f0\u660e\/\" \/>\n<meta property=\"og:site_name\" content=\"METAL DUCT\" \/>\n<meta property=\"article:publisher\" content=\"https:\/\/www.facebook.com\/p\/Metal-Duct-61552189655564\/\" \/>\n<meta property=\"article:modified_time\" content=\"2025-09-11T06:34:06+00:00\" \/>\n<meta name=\"twitter:card\" content=\"summary_large_image\" \/>\n<meta name=\"twitter:label1\" content=\"\u9884\u8ba1\u9605\u8bfb\u65f6\u95f4\" \/>\n\t<meta name=\"twitter:data1\" content=\"2 \u5206\" \/>\n<script type=\"application\/ld+json\" class=\"yoast-schema-graph\">{\"@context\":\"https:\/\/schema.org\",\"@graph\":[{\"@type\":\"WebPage\",\"@id\":\"https:\/\/www.metalduct.com.mx\/aviso-de-privacidad\/\",\"url\":\"https:\/\/www.metalduct.com.mx\/aviso-de-privacidad\/\",\"name\":\"Aviso de Privacidad - METAL DUCT\",\"isPartOf\":{\"@id\":\"https:\/\/www.metalduct.com.mx\/#website\"},\"datePublished\":\"2025-09-09T16:43:30+00:00\",\"dateModified\":\"2025-09-11T06:34:06+00:00\",\"breadcrumb\":{\"@id\":\"https:\/\/www.metalduct.com.mx\/aviso-de-privacidad\/#breadcrumb\"},\"inLanguage\":\"zh-Hans\",\"potentialAction\":[{\"@type\":\"ReadAction\",\"target\":[\"https:\/\/www.metalduct.com.mx\/aviso-de-privacidad\/\"]}]},{\"@type\":\"BreadcrumbList\",\"@id\":\"https:\/\/www.metalduct.com.mx\/aviso-de-privacidad\/#breadcrumb\",\"itemListElement\":[{\"@type\":\"ListItem\",\"position\":1,\"name\":\"Inicio\",\"item\":\"https:\/\/www.metalduct.com.mx\/\"},{\"@type\":\"ListItem\",\"position\":2,\"name\":\"Aviso de Privacidad\"}]},{\"@type\":\"WebSite\",\"@id\":\"https:\/\/www.metalduct.com.mx\/#website\",\"url\":\"https:\/\/www.metalduct.com.mx\/\",\"name\":\"METAL DUCT\",\"description\":\"\",\"publisher\":{\"@id\":\"https:\/\/www.metalduct.com.mx\/#organization\"},\"potentialAction\":[{\"@type\":\"SearchAction\",\"target\":{\"@type\":\"EntryPoint\",\"urlTemplate\":\"https:\/\/www.metalduct.com.mx\/?s={search_term_string}\"},\"query-input\":{\"@type\":\"PropertyValueSpecification\",\"valueRequired\":true,\"valueName\":\"search_term_string\"}}],\"inLanguage\":\"zh-Hans\"},{\"@type\":\"Organization\",\"@id\":\"https:\/\/www.metalduct.com.mx\/#organization\",\"name\":\"METAL DUCT\",\"url\":\"https:\/\/www.metalduct.com.mx\/\",\"logo\":{\"@type\":\"ImageObject\",\"inLanguage\":\"zh-Hans\",\"@id\":\"https:\/\/www.metalduct.com.mx\/#\/schema\/logo\/image\/\",\"url\":\"https:\/\/www.metalduct.com.mx\/wp-content\/uploads\/2025\/06\/logo-metalduct.svg\",\"contentUrl\":\"https:\/\/www.metalduct.com.mx\/wp-content\/uploads\/2025\/06\/logo-metalduct.svg\",\"width\":532,\"height\":74,\"caption\":\"METAL DUCT\"},\"image\":{\"@id\":\"https:\/\/www.metalduct.com.mx\/#\/schema\/logo\/image\/\"},\"sameAs\":[\"https:\/\/www.facebook.com\/p\/Metal-Duct-61552189655564\/\",\"https:\/\/www.instagram.com\/metalduct\/?hl=en\",\"https:\/\/www.linkedin.com\/company\/metal-duct\",\"https:\/\/www.tiktok.com\/@metalductmx\"]}]}<\/script>\n<!-- \/ Yoast SEO plugin. -->","yoast_head_json":{"title":"\u9690\u79c1\u58f0\u660e - \u91d1\u5c5e\u7ba1\u9053","robots":{"index":"noindex","follow":"nofollow"},"og_locale":"zh_CN","og_type":"article","og_title":"Aviso de Privacidad - METAL DUCT","og_description":"Aviso de Privacidad DUCT FORM DE M\u00c9XICO, con domicilio en Crescencio Gar\u00edn #5139, Col. Los Cerritos, C.P. 45180, Zapopan, Jalisco, M\u00e9xico, es responsable del tratamiento de los datos personales que nos proporciones, los cuales ser\u00e1n protegidos conforme a lo dispuesto por la Ley Federal de Protecci\u00f3n de Datos Personales en Posesi\u00f3n de los Particulares y [&hellip;]","og_url":"https:\/\/www.metalduct.com.mx\/zh\/\u9690\u79c1\u58f0\u660e\/","og_site_name":"METAL DUCT","article_publisher":"https:\/\/www.facebook.com\/p\/Metal-Duct-61552189655564\/","article_modified_time":"2025-09-11T06:34:06+00:00","twitter_card":"summary_large_image","twitter_misc":{"\u9884\u8ba1\u9605\u8bfb\u65f6\u95f4":"2 \u5206"},"schema":{"@context":"https:\/\/schema.org","@graph":[{"@type":"WebPage","@id":"https:\/\/www.metalduct.com.mx\/aviso-de-privacidad\/","url":"https:\/\/www.metalduct.com.mx\/aviso-de-privacidad\/","name":"\u9690\u79c1\u58f0\u660e - \u91d1\u5c5e\u7ba1\u9053","isPartOf":{"@id":"https:\/\/www.metalduct.com.mx\/#website"},"datePublished":"2025-09-09T16:43:30+00:00","dateModified":"2025-09-11T06:34:06+00:00","breadcrumb":{"@id":"https:\/\/www.metalduct.com.mx\/aviso-de-privacidad\/#breadcrumb"},"inLanguage":"zh-Hans","potentialAction":[{"@type":"ReadAction","target":["https:\/\/www.metalduct.com.mx\/aviso-de-privacidad\/"]}]},{"@type":"BreadcrumbList","@id":"https:\/\/www.metalduct.com.mx\/aviso-de-privacidad\/#breadcrumb","itemListElement":[{"@type":"ListItem","position":1,"name":"Inicio","item":"https:\/\/www.metalduct.com.mx\/"},{"@type":"ListItem","position":2,"name":"Aviso de Privacidad"}]},{"@type":"WebSite","@id":"https:\/\/www.metalduct.com.mx\/#website","url":"https:\/\/www.metalduct.com.mx\/","name":"\u91d1\u5c5e\u7ba1\u9053","description":"","publisher":{"@id":"https:\/\/www.metalduct.com.mx\/#organization"},"potentialAction":[{"@type":"SearchAction","target":{"@type":"EntryPoint","urlTemplate":"https:\/\/www.metalduct.com.mx\/?s={search_term_string}"},"query-input":{"@type":"PropertyValueSpecification","valueRequired":true,"valueName":"search_term_string"}}],"inLanguage":"zh-Hans"},{"@type":"Organization","@id":"https:\/\/www.metalduct.com.mx\/#organization","name":"\u91d1\u5c5e\u7ba1\u9053","url":"https:\/\/www.metalduct.com.mx\/","logo":{"@type":"ImageObject","inLanguage":"zh-Hans","@id":"https:\/\/www.metalduct.com.mx\/#\/schema\/logo\/image\/","url":"https:\/\/www.metalduct.com.mx\/wp-content\/uploads\/2025\/06\/logo-metalduct.svg","contentUrl":"https:\/\/www.metalduct.com.mx\/wp-content\/uploads\/2025\/06\/logo-metalduct.svg","width":532,"height":74,"caption":"METAL DUCT"},"image":{"@id":"https:\/\/www.metalduct.com.mx\/#\/schema\/logo\/image\/"},"sameAs":["https:\/\/www.facebook.com\/p\/Metal-Duct-61552189655564\/","https:\/\/www.instagram.com\/metalduct\/?hl=en","https:\/\/www.linkedin.com\/company\/metal-duct","https:\/\/www.tiktok.com\/@metalductmx"]}]}},"_links":{"self":[{"href":"https:\/\/www.metalduct.com.mx\/zh\/wp-json\/wp\/v2\/pages\/1527","targetHints":{"allow":["GET"]}}],"collection":[{"href":"https:\/\/www.metalduct.com.mx\/zh\/wp-json\/wp\/v2\/pages"}],"about":[{"href":"https:\/\/www.metalduct.com.mx\/zh\/wp-json\/wp\/v2\/types\/page"}],"author":[{"embeddable":true,"href":"https:\/\/www.metalduct.com.mx\/zh\/wp-json\/wp\/v2\/users\/2"}],"replies":[{"embeddable":true,"href":"https:\/\/www.metalduct.com.mx\/zh\/wp-json\/wp\/v2\/comments?post=1527"}],"version-history":[{"count":15,"href":"https:\/\/www.metalduct.com.mx\/zh\/wp-json\/wp\/v2\/pages\/1527\/revisions"}],"predecessor-version":[{"id":1696,"href":"https:\/\/www.metalduct.com.mx\/zh\/wp-json\/wp\/v2\/pages\/1527\/revisions\/1696"}],"wp:attachment":[{"href":"https:\/\/www.metalduct.com.mx\/zh\/wp-json\/wp\/v2\/media?parent=1527"}],"curies":[{"name":"wp","href":"https:\/\/api.w.org\/{rel}","templated":true}]}}